{"id":5887,"date":"2025-04-02T18:41:06","date_gmt":"2025-04-02T23:41:06","guid":{"rendered":"https:\/\/nylupasteles.com\/?page_id=5887"},"modified":"2025-04-08T17:37:11","modified_gmt":"2025-04-08T22:37:11","slug":"pasteles-en-crema","status":"publish","type":"page","link":"https:\/\/nylupasteles.com\/index.php\/pasteles-en-crema\/","title":{"rendered":"Pasteles en Crema"},"content":{"rendered":"\t\t<div data-elementor-type=\"wp-page\" data-elementor-id=\"5887\" class=\"elementor elementor-5887\">\n\t\t\t\t<div class=\"elementor-element elementor-element-3469049 e-flex e-con-boxed e-con e-parent\" data-id=\"3469049\" data-element_type=\"container\" data-settings=\"{&quot;background_background&quot;:&quot;classic&quot;}\">\n\t\t\t\t\t<div class=\"e-con-inner\">\n\t\t<div class=\"elementor-element elementor-element-37d97af e-con-full e-flex e-con e-child\" data-id=\"37d97af\" data-element_type=\"container\">\n\t\t<div class=\"elementor-element elementor-element-b76b013 e-con-full e-flex e-con e-child\" data-id=\"b76b013\" data-element_type=\"container\">\n\t\t\t\t<div class=\"elementor-element elementor-element-fda5294 elementor-widget elementor-widget-image\" data-id=\"fda5294\" data-element_type=\"widget\" data-widget_type=\"image.default\">\n\t\t\t\t<div class=\"elementor-widget-container\">\n\t\t\t\t\t\t\t\t\t\t\t\t\t\t\t<img fetchpriority=\"high\" decoding=\"async\" width=\"1000\" height=\"1250\" src=\"https:\/\/nylupasteles.com\/wp-content\/uploads\/2025\/04\/creamprin.png\" class=\"attachment-full size-full wp-image-5988\" alt=\"\" srcset=\"https:\/\/nylupasteles.com\/wp-content\/uploads\/2025\/04\/creamprin.png 1000w, https:\/\/nylupasteles.com\/wp-content\/uploads\/2025\/04\/creamprin-240x300.png 240w, https:\/\/nylupasteles.com\/wp-content\/uploads\/2025\/04\/creamprin-819x1024.png 819w, https:\/\/nylupasteles.com\/wp-content\/uploads\/2025\/04\/creamprin-768x960.png 768w, https:\/\/nylupasteles.com\/wp-content\/uploads\/2025\/04\/creamprin-600x750.png 600w\" sizes=\"(max-width: 1000px) 100vw, 1000px\" \/>\t\t\t\t\t\t\t\t\t\t\t\t\t\t\t<\/div>\n\t\t\t\t<\/div>\n\t\t\t\t<div class=\"elementor-element elementor-element-a752b4d elementor-absolute animated-fast with-border-no elementor-invisible elementor-widget elementor-widget-iiconbox1\" data-id=\"a752b4d\" data-element_type=\"widget\" data-settings=\"{&quot;_position&quot;:&quot;absolute&quot;,&quot;_animation&quot;:&quot;fadeInUp&quot;}\" data-widget_type=\"iiconbox1.default\">\n\t\t\t\t<div class=\"elementor-widget-container\">\n\t\t\t\t\t\t\t<div class=\"icon-box icon-box-1\">\r\n\t\t\t<div class=\"icon-main\">\r\n\t\t\t\t<span class=\"circle-animate\"><\/span>\r\n\t\t    \t<i aria-hidden=\"true\" class=\"ci ci-pancake\"><\/i>\t        <\/div>\r\n\t        <div class=\"content-box\">\r\n\t\t\t\t\t\t\t\t\t\t\t<\/div>\r\n\t\t\t\t\r\n\t    <\/div>\r\n\t    \t\t\t\t<\/div>\n\t\t\t\t<\/div>\n\t\t\t\t<div class=\"elementor-element elementor-element-6f65114 elementor-absolute animated-fast with-border-no elementor-invisible elementor-widget elementor-widget-iiconbox1\" data-id=\"6f65114\" data-element_type=\"widget\" data-settings=\"{&quot;_position&quot;:&quot;absolute&quot;,&quot;_animation&quot;:&quot;fadeInLeft&quot;}\" data-widget_type=\"iiconbox1.default\">\n\t\t\t\t<div class=\"elementor-widget-container\">\n\t\t\t\t\t\t\t<div class=\"icon-box icon-box-1\">\r\n\t\t\t<div class=\"icon-main\">\r\n\t\t\t\t<span class=\"circle-animate\"><\/span>\r\n\t\t    \t<i aria-hidden=\"true\" class=\"ci ci-cake\"><\/i>\t        <\/div>\r\n\t        <div class=\"content-box\">\r\n\t\t\t\t\t\t\t\t\t\t\t<\/div>\r\n\t\t\t\t\r\n\t    <\/div>\r\n\t    \t\t\t\t<\/div>\n\t\t\t\t<\/div>\n\t\t\t\t<\/div>\n\t\t<div class=\"elementor-element elementor-element-34a8b9c e-con-full e-flex e-con e-child\" data-id=\"34a8b9c\" data-element_type=\"container\">\n\t\t\t\t<div class=\"elementor-element elementor-element-30f5902 elementor-widget elementor-widget-iheading\" data-id=\"30f5902\" data-element_type=\"widget\" data-widget_type=\"iheading.default\">\n\t\t\t\t<div class=\"elementor-widget-container\">\n\t\t\t\t\t\t\t<div class=\"xp-heading\">\r\n\t        <span class=\"is_highlight\">PASTELES<\/span>\t        <h2 class=\"main-head\">Una opci\u00f3n cl\u00e1sica y deliciosa<\/h2>\t    <\/div>\r\n\t    \t\t\t\t<\/div>\n\t\t\t\t<\/div>\n\t\t\t\t<div class=\"elementor-element elementor-element-698a5d3 elementor-widget-divider--view-line_icon border_clr elementor-widget-divider--element-align-left elementor-view-default elementor-widget elementor-widget-divider\" data-id=\"698a5d3\" data-element_type=\"widget\" data-widget_type=\"divider.default\">\n\t\t\t\t<div class=\"elementor-widget-container\">\n\t\t\t\t\t\t\t<div class=\"elementor-divider\">\n\t\t\t<span class=\"elementor-divider-separator\">\n\t\t\t\t\t\t\t<div class=\"elementor-icon elementor-divider__element\">\n\t\t\t\t\t<i aria-hidden=\"true\" class=\"ci ci-cake\"><\/i><\/div>\n\t\t\t\t\t\t<\/span>\n\t\t<\/div>\n\t\t\t\t\t\t<\/div>\n\t\t\t\t<\/div>\n\t\t\t\t<div class=\"elementor-element elementor-element-3bdc73c elementor-widget elementor-widget-text-editor\" data-id=\"3bdc73c\" data-element_type=\"widget\" data-widget_type=\"text-editor.default\">\n\t\t\t\t<div class=\"elementor-widget-container\">\n\t\t\t\t\t\t\t\t\t<p>Utilizamos crema de alta calidad, garantizando una textura suave y un sabor excepcional.<\/p><p>\u2728 Ventajas de nuestros pasteles en crema:<\/p>\t\t\t\t\t\t\t\t<\/div>\n\t\t\t\t<\/div>\n\t\t<div class=\"elementor-element elementor-element-6b2d055 e-con-full e-flex e-con e-child\" data-id=\"6b2d055\" data-element_type=\"container\">\n\t\t<div class=\"elementor-element elementor-element-76ddedd e-con-full e-flex e-con e-child\" data-id=\"76ddedd\" data-element_type=\"container\">\n\t\t\t\t<div class=\"elementor-element elementor-element-396cf3f box-s1 icon-left bline-no elementor-widget elementor-widget-iiconbox2\" data-id=\"396cf3f\" data-element_type=\"widget\" data-widget_type=\"iiconbox2.default\">\n\t\t\t\t<div class=\"elementor-widget-container\">\n\t\t\t\t\t\t\t<div class=\"icon-box icon-box-2\">\r\n\t\t\t<div class=\"icon-main\">\r\n\t\t        <svg aria-hidden=\"true\" class=\"e-font-icon-svg e-far-check-circle\" viewBox=\"0 0 512 512\" xmlns=\"http:\/\/www.w3.org\/2000\/svg\"><path d=\"M256 8C119.033 8 8 119.033 8 256s111.033 248 248 248 248-111.033 248-248S392.967 8 256 8zm0 48c110.532 0 200 89.451 200 200 0 110.532-89.451 200-200 200-110.532 0-200-89.451-200-200 0-110.532 89.451-200 200-200m140.204 130.267l-22.536-22.718c-4.667-4.705-12.265-4.736-16.97-.068L215.346 303.697l-59.792-60.277c-4.667-4.705-12.265-4.736-16.97-.069l-22.719 22.536c-4.705 4.667-4.736 12.265-.068 16.971l90.781 91.516c4.667 4.705 12.265 4.736 16.97.068l172.589-171.204c4.704-4.668 4.734-12.266.067-16.971z\"><\/path><\/svg>\t        <\/div>\r\n\t        <div class=\"content-box\">\r\n\t\t\t\t<h5 class=\"title-box\"><a href=\"#\">Sabor m\u00e1s ligero y fresco en comparaci\u00f3n con el fondant.<\/a><\/h5>\t\t\t\t\t\t\t<\/div>\r\n\t    <\/div>\r\n\t    \t\t\t\t<\/div>\n\t\t\t\t<\/div>\n\t\t\t\t<div class=\"elementor-element elementor-element-aa139d2 box-s1 icon-left bline-no elementor-widget elementor-widget-iiconbox2\" data-id=\"aa139d2\" data-element_type=\"widget\" data-widget_type=\"iiconbox2.default\">\n\t\t\t\t<div class=\"elementor-widget-container\">\n\t\t\t\t\t\t\t<div class=\"icon-box icon-box-2\">\r\n\t\t\t<div class=\"icon-main\">\r\n\t\t        <svg aria-hidden=\"true\" class=\"e-font-icon-svg e-far-check-circle\" viewBox=\"0 0 512 512\" xmlns=\"http:\/\/www.w3.org\/2000\/svg\"><path d=\"M256 8C119.033 8 8 119.033 8 256s111.033 248 248 248 248-111.033 248-248S392.967 8 256 8zm0 48c110.532 0 200 89.451 200 200 0 110.532-89.451 200-200 200-110.532 0-200-89.451-200-200 0-110.532 89.451-200 200-200m140.204 130.267l-22.536-22.718c-4.667-4.705-12.265-4.736-16.97-.068L215.346 303.697l-59.792-60.277c-4.667-4.705-12.265-4.736-16.97-.069l-22.719 22.536c-4.705 4.667-4.736 12.265-.068 16.971l90.781 91.516c4.667 4.705 12.265 4.736 16.97.068l172.589-171.204c4.704-4.668 4.734-12.266.067-16.971z\"><\/path><\/svg>\t        <\/div>\r\n\t        <div class=\"content-box\">\r\n\t\t\t\t<h5 class=\"title-box\"><a href=\"#\">Decoraciones hermosas con t\u00e9cnicas de espatulado, boquillas y efectos degradados.<\/a><\/h5>\t\t\t\t\t\t\t<\/div>\r\n\t    <\/div>\r\n\t    \t\t\t\t<\/div>\n\t\t\t\t<\/div>\n\t\t\t\t<div class=\"elementor-element elementor-element-721f7b9 box-s1 icon-left bline-no elementor-widget elementor-widget-iiconbox2\" data-id=\"721f7b9\" data-element_type=\"widget\" data-widget_type=\"iiconbox2.default\">\n\t\t\t\t<div class=\"elementor-widget-container\">\n\t\t\t\t\t\t\t<div class=\"icon-box icon-box-2\">\r\n\t\t\t<div class=\"icon-main\">\r\n\t\t        <svg aria-hidden=\"true\" class=\"e-font-icon-svg e-far-check-circle\" viewBox=\"0 0 512 512\" xmlns=\"http:\/\/www.w3.org\/2000\/svg\"><path d=\"M256 8C119.033 8 8 119.033 8 256s111.033 248 248 248 248-111.033 248-248S392.967 8 256 8zm0 48c110.532 0 200 89.451 200 200 0 110.532-89.451 200-200 200-110.532 0-200-89.451-200-200 0-110.532 89.451-200 200-200m140.204 130.267l-22.536-22.718c-4.667-4.705-12.265-4.736-16.97-.068L215.346 303.697l-59.792-60.277c-4.667-4.705-12.265-4.736-16.97-.069l-22.719 22.536c-4.705 4.667-4.736 12.265-.068 16.971l90.781 91.516c4.667 4.705 12.265 4.736 16.97.068l172.589-171.204c4.704-4.668 4.734-12.266.067-16.971z\"><\/path><\/svg>\t        <\/div>\r\n\t        <div class=\"content-box\">\r\n\t\t\t\t<h5 class=\"title-box\"><a href=\"#\">Perfectos para quienes buscan un pastel elegante y delicioso sin demasiada cobertura<\/a><\/h5>\t\t\t\t\t\t\t<\/div>\r\n\t    <\/div>\r\n\t    \t\t\t\t<\/div>\n\t\t\t\t<\/div>\n\t\t\t\t<div class=\"elementor-element elementor-element-e1791fa elementor-widget elementor-widget-text-editor\" data-id=\"e1791fa\" data-element_type=\"widget\" data-widget_type=\"text-editor.default\">\n\t\t\t\t<div class=\"elementor-widget-container\">\n\t\t\t\t\t\t\t\t\t<p>Desde dise\u00f1os r\u00fasticos hasta modernos, un pastel en crema es una apuesta segura para cualquier ocasi\u00f3n especial.<\/p><p>Para los amantes de la textura suave y el sabor aut\u00e9ntico, nuestros pasteles en crema son la opci\u00f3n ideal. Utilizamos ingredientes de alta calidad para garantizar un sabor delicioso y una presentaci\u00f3n atractiva que deleitar\u00e1 a todos tus invitados.<\/p><p>Para toda ocasi\u00f3n como bodas, cumplea\u00f1os, aniversarios o cualquier celebraci\u00f3n especial. En Nylu Cakes &amp; Desserts, estamos preparados para endulzar tus momentos m\u00e1s importantes con pasteles dise\u00f1ados especialmente para cada evento.<\/p>\t\t\t\t\t\t\t\t<\/div>\n\t\t\t\t<\/div>\n\t\t\t\t<div class=\"elementor-element elementor-element-7d474c5 elementor-widget elementor-widget-ibutton\" data-id=\"7d474c5\" data-element_type=\"widget\" data-widget_type=\"ibutton.default\">\n\t\t\t\t<div class=\"elementor-widget-container\">\n\t\t\t\t\t\t\t<div class=\"xp-button\">\r\n\t\t\t<a href=\"https:\/\/wa.link\/qinlxf\" class=\"xptf-btn xptf-btn-main\">\u00a1Haz Tu Pedido Hoy!<\/a>\r\n\t    <\/div>\r\n\t    \t\t\t\t<\/div>\n\t\t\t\t<\/div>\n\t\t<div class=\"elementor-element elementor-element-3e49f59 e-con-full e-flex e-con e-child\" data-id=\"3e49f59\" data-element_type=\"container\">\n\t\t\t\t<div class=\"elementor-element elementor-element-6f63010 elementor-widget elementor-widget-text-editor\" data-id=\"6f63010\" data-element_type=\"widget\" data-widget_type=\"text-editor.default\">\n\t\t\t\t<div class=\"elementor-widget-container\">\n\t\t\t\t\t\t\t\t\t<p>Realiza tu pedido con anticipaci\u00f3n pasteles en crema 24 horas y pasteles en fondant 72 horas<\/p>\t\t\t\t\t\t\t\t<\/div>\n\t\t\t\t<\/div>\n\t\t\t\t<\/div>\n\t\t\t\t<\/div>\n\t\t\t\t<\/div>\n\t\t\t\t<\/div>\n\t\t\t\t<\/div>\n\t\t\t\t\t<\/div>\n\t\t\t\t<\/div>\n\t\t<div class=\"elementor-element elementor-element-a24d649 e-con-full e-transform e-transform e-flex e-con e-parent\" data-id=\"a24d649\" data-element_type=\"container\" data-settings=\"{&quot;_transform_flipX_effect&quot;:&quot;transform&quot;,&quot;_transform_flipY_effect&quot;:&quot;transform&quot;}\">\n\t\t\t\t<div class=\"elementor-element elementor-element-4a88c90 e-transform e-transform elementor-widget elementor-widget-image\" data-id=\"4a88c90\" data-element_type=\"widget\" data-settings=\"{&quot;_transform_flipX_effect&quot;:&quot;transform&quot;,&quot;_transform_flipY_effect&quot;:&quot;transform&quot;}\" data-widget_type=\"image.default\">\n\t\t\t\t<div class=\"elementor-widget-container\">\n\t\t\t\t\t\t\t\t\t\t\t\t\t\t\t<img decoding=\"async\" width=\"1047\" height=\"26\" src=\"https:\/\/nylupasteles.com\/wp-content\/uploads\/2024\/09\/16azf2jahmam0z05l1d.svg\" class=\"attachment-full size-full wp-image-5656\" alt=\"\" \/>\t\t\t\t\t\t\t\t\t\t\t\t\t\t\t<\/div>\n\t\t\t\t<\/div>\n\t\t\t\t<\/div>\n\t\t<div class=\"elementor-element elementor-element-276b074 e-flex e-con-boxed e-con e-parent\" data-id=\"276b074\" data-element_type=\"container\" data-settings=\"{&quot;background_background&quot;:&quot;classic&quot;}\">\n\t\t\t\t\t<div class=\"e-con-inner\">\n\t\t<div class=\"elementor-element elementor-element-6f35e71 e-con-full e-flex e-con e-child\" data-id=\"6f35e71\" data-element_type=\"container\">\n\t\t\t\t<div class=\"elementor-element elementor-element-9eef3ed elementor-widget elementor-widget-iheading\" data-id=\"9eef3ed\" data-element_type=\"widget\" data-widget_type=\"iheading.default\">\n\t\t\t\t<div class=\"elementor-widget-container\">\n\t\t\t\t\t\t\t<div class=\"xp-heading\">\r\n\t        <span class=\"is_highlight\">Pasteles<\/span>\t        <h2 class=\"main-head\">En Crema para  Todo Tipo de Evento Social<\/h2>\t    <\/div>\r\n\t    \t\t\t\t<\/div>\n\t\t\t\t<\/div>\n\t\t\t\t<div class=\"elementor-element elementor-element-1f66c98 elementor-widget-divider--view-line_icon border_clr elementor-view-default elementor-widget-divider--element-align-center elementor-widget elementor-widget-divider\" data-id=\"1f66c98\" data-element_type=\"widget\" data-widget_type=\"divider.default\">\n\t\t\t\t<div class=\"elementor-widget-container\">\n\t\t\t\t\t\t\t<div class=\"elementor-divider\">\n\t\t\t<span class=\"elementor-divider-separator\">\n\t\t\t\t\t\t\t<div class=\"elementor-icon elementor-divider__element\">\n\t\t\t\t\t<i aria-hidden=\"true\" class=\"fit fit-ice-cream-9\"><\/i><\/div>\n\t\t\t\t\t\t<\/span>\n\t\t<\/div>\n\t\t\t\t\t\t<\/div>\n\t\t\t\t<\/div>\n\t\t<div class=\"elementor-element elementor-element-0cd7754 e-grid e-con-full e-con e-child\" data-id=\"0cd7754\" data-element_type=\"container\">\n\t\t\t\t<div class=\"elementor-element elementor-element-cc6e658 animated-fast elementor-invisible elementor-widget elementor-widget-image\" data-id=\"cc6e658\" data-element_type=\"widget\" data-settings=\"{&quot;_animation&quot;:&quot;fadeInUp&quot;}\" data-widget_type=\"image.default\">\n\t\t\t\t<div class=\"elementor-widget-container\">\n\t\t\t\t\t\t\t\t\t\t\t\t\t\t\t<img decoding=\"async\" width=\"500\" height=\"500\" src=\"https:\/\/nylupasteles.com\/wp-content\/uploads\/2025\/04\/crema2.jpg\" class=\"attachment-large size-large wp-image-5792\" alt=\"\" srcset=\"https:\/\/nylupasteles.com\/wp-content\/uploads\/2025\/04\/crema2.jpg 500w, https:\/\/nylupasteles.com\/wp-content\/uploads\/2025\/04\/crema2-300x300.jpg 300w, https:\/\/nylupasteles.com\/wp-content\/uploads\/2025\/04\/crema2-150x150.jpg 150w, https:\/\/nylupasteles.com\/wp-content\/uploads\/2025\/04\/crema2-100x100.jpg 100w\" sizes=\"(max-width: 500px) 100vw, 500px\" \/>\t\t\t\t\t\t\t\t\t\t\t\t\t\t\t<\/div>\n\t\t\t\t<\/div>\n\t\t\t\t<div class=\"elementor-element elementor-element-481986d animated-fast elementor-invisible elementor-widget elementor-widget-image\" data-id=\"481986d\" data-element_type=\"widget\" data-settings=\"{&quot;_animation&quot;:&quot;fadeInUp&quot;}\" data-widget_type=\"image.default\">\n\t\t\t\t<div class=\"elementor-widget-container\">\n\t\t\t\t\t\t\t\t\t\t\t\t\t\t\t<img loading=\"lazy\" decoding=\"async\" width=\"500\" height=\"500\" src=\"https:\/\/nylupasteles.com\/wp-content\/uploads\/2025\/04\/crema3.jpg\" class=\"attachment-large size-large wp-image-5791\" alt=\"\" srcset=\"https:\/\/nylupasteles.com\/wp-content\/uploads\/2025\/04\/crema3.jpg 500w, https:\/\/nylupasteles.com\/wp-content\/uploads\/2025\/04\/crema3-300x300.jpg 300w, https:\/\/nylupasteles.com\/wp-content\/uploads\/2025\/04\/crema3-150x150.jpg 150w, https:\/\/nylupasteles.com\/wp-content\/uploads\/2025\/04\/crema3-100x100.jpg 100w\" sizes=\"(max-width: 500px) 100vw, 500px\" \/>\t\t\t\t\t\t\t\t\t\t\t\t\t\t\t<\/div>\n\t\t\t\t<\/div>\n\t\t\t\t<div class=\"elementor-element elementor-element-109c8ea animated-fast elementor-invisible elementor-widget elementor-widget-image\" data-id=\"109c8ea\" data-element_type=\"widget\" data-settings=\"{&quot;_animation&quot;:&quot;fadeInUp&quot;}\" data-widget_type=\"image.default\">\n\t\t\t\t<div class=\"elementor-widget-container\">\n\t\t\t\t\t\t\t\t\t\t\t\t\t\t\t<img loading=\"lazy\" decoding=\"async\" width=\"500\" height=\"500\" src=\"https:\/\/nylupasteles.com\/wp-content\/uploads\/2025\/04\/crema1.jpg\" class=\"attachment-large size-large wp-image-5793\" alt=\"\" srcset=\"https:\/\/nylupasteles.com\/wp-content\/uploads\/2025\/04\/crema1.jpg 500w, https:\/\/nylupasteles.com\/wp-content\/uploads\/2025\/04\/crema1-300x300.jpg 300w, https:\/\/nylupasteles.com\/wp-content\/uploads\/2025\/04\/crema1-150x150.jpg 150w, https:\/\/nylupasteles.com\/wp-content\/uploads\/2025\/04\/crema1-100x100.jpg 100w\" sizes=\"(max-width: 500px) 100vw, 500px\" \/>\t\t\t\t\t\t\t\t\t\t\t\t\t\t\t<\/div>\n\t\t\t\t<\/div>\n\t\t\t\t<div class=\"elementor-element elementor-element-7280382 animated-fast elementor-invisible elementor-widget elementor-widget-image\" data-id=\"7280382\" data-element_type=\"widget\" data-settings=\"{&quot;_animation&quot;:&quot;fadeInUp&quot;}\" data-widget_type=\"image.default\">\n\t\t\t\t<div class=\"elementor-widget-container\">\n\t\t\t\t\t\t\t\t\t\t\t\t\t\t\t<img loading=\"lazy\" decoding=\"async\" width=\"500\" height=\"500\" src=\"https:\/\/nylupasteles.com\/wp-content\/uploads\/2025\/04\/cream4.jpg\" class=\"attachment-large size-large wp-image-5977\" alt=\"\" srcset=\"https:\/\/nylupasteles.com\/wp-content\/uploads\/2025\/04\/cream4.jpg 500w, https:\/\/nylupasteles.com\/wp-content\/uploads\/2025\/04\/cream4-300x300.jpg 300w, https:\/\/nylupasteles.com\/wp-content\/uploads\/2025\/04\/cream4-150x150.jpg 150w, https:\/\/nylupasteles.com\/wp-content\/uploads\/2025\/04\/cream4-100x100.jpg 100w\" sizes=\"(max-width: 500px) 100vw, 500px\" \/>\t\t\t\t\t\t\t\t\t\t\t\t\t\t\t<\/div>\n\t\t\t\t<\/div>\n\t\t\t\t<div class=\"elementor-element elementor-element-a95f451 animated-fast elementor-invisible elementor-widget elementor-widget-image\" data-id=\"a95f451\" data-element_type=\"widget\" data-settings=\"{&quot;_animation&quot;:&quot;fadeInUp&quot;}\" data-widget_type=\"image.default\">\n\t\t\t\t<div class=\"elementor-widget-container\">\n\t\t\t\t\t\t\t\t\t\t\t\t\t\t\t<img loading=\"lazy\" decoding=\"async\" width=\"500\" height=\"500\" src=\"https:\/\/nylupasteles.com\/wp-content\/uploads\/2025\/04\/cream1.jpg\" class=\"attachment-large size-large wp-image-5981\" alt=\"\" srcset=\"https:\/\/nylupasteles.com\/wp-content\/uploads\/2025\/04\/cream1.jpg 500w, https:\/\/nylupasteles.com\/wp-content\/uploads\/2025\/04\/cream1-300x300.jpg 300w, https:\/\/nylupasteles.com\/wp-content\/uploads\/2025\/04\/cream1-150x150.jpg 150w, https:\/\/nylupasteles.com\/wp-content\/uploads\/2025\/04\/cream1-100x100.jpg 100w\" sizes=\"(max-width: 500px) 100vw, 500px\" \/>\t\t\t\t\t\t\t\t\t\t\t\t\t\t\t<\/div>\n\t\t\t\t<\/div>\n\t\t\t\t<div class=\"elementor-element elementor-element-5c0496c animated-fast elementor-invisible elementor-widget elementor-widget-image\" data-id=\"5c0496c\" data-element_type=\"widget\" data-settings=\"{&quot;_animation&quot;:&quot;fadeInUp&quot;}\" data-widget_type=\"image.default\">\n\t\t\t\t<div class=\"elementor-widget-container\">\n\t\t\t\t\t\t\t\t\t\t\t\t\t\t\t<img loading=\"lazy\" decoding=\"async\" width=\"500\" height=\"500\" src=\"https:\/\/nylupasteles.com\/wp-content\/uploads\/2025\/04\/cream2.jpg\" class=\"attachment-large size-large wp-image-5975\" alt=\"\" srcset=\"https:\/\/nylupasteles.com\/wp-content\/uploads\/2025\/04\/cream2.jpg 500w, https:\/\/nylupasteles.com\/wp-content\/uploads\/2025\/04\/cream2-300x300.jpg 300w, https:\/\/nylupasteles.com\/wp-content\/uploads\/2025\/04\/cream2-150x150.jpg 150w, https:\/\/nylupasteles.com\/wp-content\/uploads\/2025\/04\/cream2-100x100.jpg 100w\" sizes=\"(max-width: 500px) 100vw, 500px\" \/>\t\t\t\t\t\t\t\t\t\t\t\t\t\t\t<\/div>\n\t\t\t\t<\/div>\n\t\t\t\t<\/div>\n\t\t\t\t<\/div>\n\t\t\t\t\t<\/div>\n\t\t\t\t<\/div>\n\t\t<div class=\"elementor-element elementor-element-15275a1 e-con-full e-flex e-con e-parent\" data-id=\"15275a1\" data-element_type=\"container\">\n\t\t\t\t<div class=\"elementor-element elementor-element-41b2d06 e-transform e-transform elementor-widget elementor-widget-image\" data-id=\"41b2d06\" data-element_type=\"widget\" data-settings=\"{&quot;_transform_flipX_effect&quot;:&quot;transform&quot;,&quot;_transform_flipY_effect&quot;:&quot;transform&quot;}\" data-widget_type=\"image.default\">\n\t\t\t\t<div class=\"elementor-widget-container\">\n\t\t\t\t\t\t\t\t\t\t\t\t\t\t\t<img decoding=\"async\" width=\"1047\" height=\"26\" src=\"https:\/\/nylupasteles.com\/wp-content\/uploads\/2024\/09\/16azf2jahmam0z05l1d.svg\" class=\"attachment-full size-full wp-image-5656\" alt=\"\" \/>\t\t\t\t\t\t\t\t\t\t\t\t\t\t\t<\/div>\n\t\t\t\t<\/div>\n\t\t\t\t<\/div>\n\t\t\t\t<\/div>\n\t\t","protected":false},"excerpt":{"rendered":"<p>PASTELES Una opci\u00f3n cl\u00e1sica y deliciosa Utilizamos crema de alta calidad, garantizando una textura suave y un sabor excepcional. \u2728 Ventajas de nuestros pasteles en crema: Sabor m\u00e1s ligero y fresco en comparaci\u00f3n con el fondant. Decoraciones hermosas con t\u00e9cnicas de espatulado, boquillas y efectos degradados. Perfectos para quienes buscan un pastel elegante y delicioso [&hellip;]<\/p>\n","protected":false},"author":1,"featured_media":0,"parent":0,"menu_order":0,"comment_status":"closed","ping_status":"closed","template":"","meta":{"footnotes":""},"class_list":["post-5887","page","type-page","status-publish","hentry"],"_links":{"self":[{"href":"https:\/\/nylupasteles.com\/index.php\/wp-json\/wp\/v2\/pages\/5887","targetHints":{"allow":["GET"]}}],"collection":[{"href":"https:\/\/nylupasteles.com\/index.php\/wp-json\/wp\/v2\/pages"}],"about":[{"href":"https:\/\/nylupasteles.com\/index.php\/wp-json\/wp\/v2\/types\/page"}],"author":[{"embeddable":true,"href":"https:\/\/nylupasteles.com\/index.php\/wp-json\/wp\/v2\/users\/1"}],"replies":[{"embeddable":true,"href":"https:\/\/nylupasteles.com\/index.php\/wp-json\/wp\/v2\/comments?post=5887"}],"version-history":[{"count":22,"href":"https:\/\/nylupasteles.com\/index.php\/wp-json\/wp\/v2\/pages\/5887\/revisions"}],"predecessor-version":[{"id":6033,"href":"https:\/\/nylupasteles.com\/index.php\/wp-json\/wp\/v2\/pages\/5887\/revisions\/6033"}],"wp:attachment":[{"href":"https:\/\/nylupasteles.com\/index.php\/wp-json\/wp\/v2\/media?parent=5887"}],"curies":[{"name":"wp","href":"https:\/\/api.w.org\/{rel}","templated":true}]}}